{"id":11,"date":"2026-04-27T10:51:18","date_gmt":"2026-04-27T08:51:18","guid":{"rendered":"https:\/\/kunst-til-vaeggen.dk\/?page_id=11"},"modified":"2026-04-27T11:15:39","modified_gmt":"2026-04-27T09:15:39","slug":"moderne-kunst-til-vaeggen","status":"publish","type":"page","link":"https:\/\/kunst-til-vaeggen.dk\/","title":{"rendered":"Moderne kunst til v\u00e6ggen"},"content":{"rendered":"\n<div class=\"wp-block-group is-layout-constrained wp-container-core-group-is-layout-7660454f wp-block-group-is-layout-constrained\">\n<h1 class=\"wp-block-heading has-text-align-center has-large-font-size\">Moderne kunst til v\u00e6ggen<\/h1>\n\n\n\n<p class=\"has-medium-font-size\" style=\"padding-top:5%;padding-right:5%;padding-bottom:5%;padding-left:5%\">Moderne kunst til v\u00e6ggen giver rummet karakter, farve og et tydeligt visuelt udtryk. Her finder du inspiration til, hvordan moderne kunst kan bruges i hjemmet, fra store blikfang i stuen til mere rolige v\u00e6rker i entr\u00e9, sovev\u00e6relse eller kontor. <br><br>Fokus er p\u00e5 kunst, der skaber balance mellem farver, former og stemning, s\u00e5 v\u00e6ggen ikke bare bliver dekoreret, men f\u00e5r personlighed og n\u00e6rv\u00e6r.<\/p>\n\n\n\n<figure class=\"wp-block-image aligncenter size-full\"><img loading=\"lazy\" decoding=\"async\" width=\"1920\" height=\"1920\" src=\"https:\/\/kunst-til-vaeggen.dk\/wp-content\/uploads\/2026\/04\/Moderne-kunst-til-vaeggen.jpg\" alt=\"\" class=\"wp-image-14\" srcset=\"https:\/\/kunst-til-vaeggen.dk\/wp-content\/uploads\/2026\/04\/Moderne-kunst-til-vaeggen.jpg 1920w, https:\/\/kunst-til-vaeggen.dk\/wp-content\/uploads\/2026\/04\/Moderne-kunst-til-vaeggen-300x300.jpg 300w, https:\/\/kunst-til-vaeggen.dk\/wp-content\/uploads\/2026\/04\/Moderne-kunst-til-vaeggen-1024x1024.jpg 1024w, https:\/\/kunst-til-vaeggen.dk\/wp-content\/uploads\/2026\/04\/Moderne-kunst-til-vaeggen-150x150.jpg 150w, https:\/\/kunst-til-vaeggen.dk\/wp-content\/uploads\/2026\/04\/Moderne-kunst-til-vaeggen-768x768.jpg 768w, https:\/\/kunst-til-vaeggen.dk\/wp-content\/uploads\/2026\/04\/Moderne-kunst-til-vaeggen-1536x1536.jpg 1536w\" sizes=\"auto, (max-width: 1920px) 100vw, 1920px\" \/><\/figure>\n<\/div>\n","protected":false},"excerpt":{"rendered":"<p>Moderne kunst til v\u00e6ggen Moderne kunst til v\u00e6ggen giver rummet karakter, farve og et tydeligt visuelt udtryk. Her finder du inspiration til, hvordan moderne kunst kan bruges i hjemmet, fra store blikfang i stuen til mere rolige v\u00e6rker i entr\u00e9, sovev\u00e6relse eller kontor. Fokus er p\u00e5 kunst, der skaber balance mellem farver, former og stemning, [&hellip;]<\/p>\n","protected":false},"author":1,"featured_media":0,"parent":0,"menu_order":0,"comment_status":"closed","ping_status":"closed","template":"","meta":{"footnotes":""},"class_list":["post-11","page","type-page","status-publish","hentry"],"_links":{"self":[{"href":"https:\/\/kunst-til-vaeggen.dk\/index.php?rest_route=\/wp\/v2\/pages\/11","targetHints":{"allow":["GET"]}}],"collection":[{"href":"https:\/\/kunst-til-vaeggen.dk\/index.php?rest_route=\/wp\/v2\/pages"}],"about":[{"href":"https:\/\/kunst-til-vaeggen.dk\/index.php?rest_route=\/wp\/v2\/types\/page"}],"author":[{"embeddable":true,"href":"https:\/\/kunst-til-vaeggen.dk\/index.php?rest_route=\/wp\/v2\/users\/1"}],"replies":[{"embeddable":true,"href":"https:\/\/kunst-til-vaeggen.dk\/index.php?rest_route=%2Fwp%2Fv2%2Fcomments&post=11"}],"version-history":[{"count":4,"href":"https:\/\/kunst-til-vaeggen.dk\/index.php?rest_route=\/wp\/v2\/pages\/11\/revisions"}],"predecessor-version":[{"id":18,"href":"https:\/\/kunst-til-vaeggen.dk\/index.php?rest_route=\/wp\/v2\/pages\/11\/revisions\/18"}],"wp:attachment":[{"href":"https:\/\/kunst-til-vaeggen.dk\/index.php?rest_route=%2Fwp%2Fv2%2Fmedia&parent=11"}],"curies":[{"name":"wp","href":"https:\/\/api.w.org\/{rel}","templated":true}]}}